{"id":4686,"date":"2026-03-03T12:16:24","date_gmt":"2026-03-03T12:16:24","guid":{"rendered":"https:\/\/zrstest.zrs.hr\/?page_id=4686"},"modified":"2026-03-03T12:16:24","modified_gmt":"2026-03-03T12:16:24","slug":"o-nama","status":"publish","type":"page","link":"https:\/\/zrs.hr\/index.php\/o-nama\/","title":{"rendered":"O nama"},"content":{"rendered":"\n<p><strong>&#8220;Ukratko&#8221; o savezu<\/strong><\/p>\n\n\n\n<p>Savez je sastavljen od deset raznovrsnih informati\u010dkih udruga vrlo jasno profiliranog podru\u010dja rada, \u010dija djelovanja se ostvaruju kroz popularizaciju programiranja i poticanje darovitosti. Savez se stoga, a u sklopu projekta <em>ZA HRVATSKU DAROVITOST<\/em>, pokrenutog u ljeto 1999., osobito bavi poticanjem u\u010deni\u010dke darovitosti na podru\u010dju informatike i ra\u010dunalstva te usavr\u0161avanjem u\u010ditelja informatike za rad na ovom podru\u010dju.<\/p>\n\n\n\n<p>Izrazito pove\u0107anje broja natjecatelja te njihove kvalitete i vi\u0161estruki uzastopni najbolji rezultati u povijesti svih dr\u017eavnih natjecanja u programiranju u \u0161kolskom sustavu RH i \u0161ire, svjedo\u010de o doprinosu poticanju darovitosti na podru\u010dju u\u010deni\u010dke informatike i ra\u010dunalstva. \u010clanovi Saveza osvajali su 35\/36 prvih mjesta (2006-2008), zatim 34\/36 prvih mjesta (2019-2021) ili 12 od 12 prvih mjesta na juniorskoj olimpijadi (2012 do 2023).<\/p>\n\n\n\n<p>Isto tako, \u010dlanovi saveza \u010dine 80% juniorskih reprezentativaca na Europskim olimpijadama, uvedenim 2017. godine.<\/p>\n\n\n\n<p>Savez je povremeno organizirao i aktivnosti sa svrhom osposobljavanja ravnatelja i \u0161kolskog osoblja za kvalitetniju promjenu ra\u010dunala u svakodnevnom uredskom radu, a redovito skrbi o osposobljavanja programskih voditelja. Odr\u017eavaju se i razli\u010dite popularizatorske radionice za djecu, umirovljenike i \u017eene.<\/p>\n\n\n\n<p>U sklopu svojeg programa Savez nastoji o\u010duvati i trajno provoditi sljede\u0107e programe:<\/p>\n\n\n\n<ul class=\"wp-block-list\">\n<li>Redovite cjelogodi\u0161nje radionice za \u010dlanove, upisi su po\u010detkom rujna. Poha\u0111aju ih u\u010denici svih uzrasta, od razredne nastave (1. do 4. razredi &#8211; Logo, Python) do starijih osnovaca i srednjo\u0161kolaca (C\/C++) .<\/li>\n\n\n\n<li>ZG. Informatijada Bo\u017eo Te\u017eak, programerska manifestacija sastavljena od tri natjecanja:<br>&#8212; programerske lige MINI VIJUGA za u\u010denike ni\u017eih razreda osnovnih \u0161kola<br>&#8212; programerski turniri AVVENIRE za starije osnovce (zasebno Logo i zasebno C\/C++\/Python)<br>&#8212; MASTERS, programerski turniri za srednjo\u0161kolce<\/li>\n\n\n\n<li>Mala Programerska Olimpijada<\/li>\n\n\n\n<li>Povremene smotre informati\u010dkog stvarala\u0161tva \u0161kolske djece i mlade\u017ei, i natjecanja u programiranju za u\u010ditelje informatike<\/li>\n\n\n\n<li>Sudjelovanje u organizaciji \u0161kolskih i \u017eupanijskih natjecanja i smotre u informatici\u2013ra\u010dunalstvu (do 2010) te organiziranje sudjelovanja ekipe Grada Zagreba na dr\u017eavnom natjecanju<\/li>\n\n\n\n<li>Ljetni kampovi za poticanje darovitosti <em>Bo\u017eo Te\u017eak<\/em><\/li>\n\n\n\n<li>Pripreme za \u017eupanijsko i dr\u017eavno natjecanje, programi usavr\u0161avanja u\u010ditelja informatike i \u0161kolskog osoblja<\/li>\n\n\n\n<li>Pripreme za nacionalne olimpijade i me\u0111unarodna natjecanja<\/li>\n\n\n\n<li>Organiziranje sudjelovanja najboljih zagreba\u010dkih u\u010denika u hrvatskom otvorenom natjecanju HONI<\/li>\n\n\n\n<li>Zimske radionice, programerska vje\u017ebe i programi za poticanje rane darovitosti<\/li>\n\n\n\n<li>Ljetne programerske lige (C++\/Python i Logo)<\/li>\n\n\n\n<li>Zimske programerske lige (C++\/Python i Logo)<\/li>\n\n\n\n<li>Povremeni specijalizirani programi i raznovrsni vikend, tjedni i mjese\u010dne te\u010dajevi <\/li>\n\n\n\n<li>Sezonske radionice za popularizaciju informatike, odnosno poticanje darovitosti u razli\u010ditim podru\u010djima primjene ra\u010dunala (glazba, film, animacije, i sl.), op\u0107i popularizatorski programi udruga \u010dlanica u ra\u010dunalnim u\u010dionicama<\/li>\n\n\n\n<li>Te\u010dajeve i radionice za umirovljenike i \u017eene<\/li>\n<\/ul>\n\n\n\n<p>Osobito smo senzibilizirani na aktivnosti usmjerene toleranciji i nenasilju me\u0111u mladima u kojima povremeno sudjeluju neki istaknuti \u010dlanovi saveza. Grad Zagreb dodijelio je savezu svoja najvi\u0161a priznanja, Nagradu Grada Zagreba i Medalju Gradona\u010delnika Grada Zagreba.<\/p>\n\n\n\n<p><strong>IMPRESSUM:<\/strong><br><strong>Datum osnivanja:<\/strong> 21.10.1998.<\/p>\n\n\n\n<p><strong>Predsjednik: <\/strong>Kristijan Burnik<br><strong>Dopredsjednici:<\/strong> Senka Stankovi\u0107 \u0160prajc, Ivan \u0160ego<br><strong>Tajnik:<\/strong> Ivo Elezovi\u0107<\/p>\n\n\n\n<p><strong>Po\u010dasni predsjednik:<\/strong> pl. Branimir Makanec, ing.<br><strong>Prijatelji saveza:<\/strong> Rikard Dimi\u0107, Matija Matijevac, Zdravko \u0160koki\u0107<\/p>\n\n\n\n<p>Donacije se mogu uplatiti na <a href=\"https:\/\/zrsobit.zrs.hr\/\">zrsobit.zrs.hr<\/a>.<\/p>\n\n\n\n<p><strong>OIB:<\/strong> 91425492678<br><strong>IBAN:<\/strong> HR9523400091110668501<\/p>\n","protected":false},"excerpt":{"rendered":"<p>&#8220;Ukratko&#8221; o savezu Savez je sastavljen od deset raznovrsnih informati\u010dkih udruga vrlo jasno profiliranog podru\u010dja rada, \u010dija djelovanja se ostvaruju kroz popularizaciju programiranja i poticanje darovitosti. Savez se stoga, a u sklopu projekta ZA HRVATSKU DAROVITOST, pokrenutog u ljeto 1999., osobito bavi poticanjem u\u010deni\u010dke darovitosti na podru\u010dju informatike i ra\u010dunalstva te usavr\u0161avanjem u\u010ditelja informatike za [&hellip;]<\/p>\n","protected":false},"author":1,"featured_media":0,"parent":0,"menu_order":0,"comment_status":"closed","ping_status":"closed","template":"","meta":{"footnotes":""},"class_list":["post-4686","page","type-page","status-publish","hentry"],"_links":{"self":[{"href":"https:\/\/zrs.hr\/index.php\/wp-json\/wp\/v2\/pages\/4686","targetHints":{"allow":["GET"]}}],"collection":[{"href":"https:\/\/zrs.hr\/index.php\/wp-json\/wp\/v2\/pages"}],"about":[{"href":"https:\/\/zrs.hr\/index.php\/wp-json\/wp\/v2\/types\/page"}],"author":[{"embeddable":true,"href":"https:\/\/zrs.hr\/index.php\/wp-json\/wp\/v2\/users\/1"}],"replies":[{"embeddable":true,"href":"https:\/\/zrs.hr\/index.php\/wp-json\/wp\/v2\/comments?post=4686"}],"version-history":[{"count":1,"href":"https:\/\/zrs.hr\/index.php\/wp-json\/wp\/v2\/pages\/4686\/revisions"}],"predecessor-version":[{"id":4688,"href":"https:\/\/zrs.hr\/index.php\/wp-json\/wp\/v2\/pages\/4686\/revisions\/4688"}],"wp:attachment":[{"href":"https:\/\/zrs.hr\/index.php\/wp-json\/wp\/v2\/media?parent=4686"}],"curies":[{"name":"wp","href":"https:\/\/api.w.org\/{rel}","templated":true}]}}