{"id":4689,"date":"2026-03-03T13:27:37","date_gmt":"2026-03-03T13:27:37","guid":{"rendered":"https:\/\/zrstest.zrs.hr\/?page_id=4689"},"modified":"2026-03-03T13:27:37","modified_gmt":"2026-03-03T13:27:37","slug":"udruge","status":"publish","type":"page","link":"https:\/\/zrs.hr\/index.php\/udruge\/","title":{"rendered":"Udruge"},"content":{"rendered":"\n<p><strong>Zagreba\u010dki ra\u010dunalni savez [ZRS]<\/strong>:<br>&#8211; Udruga informati\u010dara ABC info <strong>[ABC.info]<\/strong><br>&#8211; Udruga informati\u010dara Bo\u017eo Te\u017eak <strong>[Bo\u017eo Te\u017eak]<\/strong><br>&#8211; Udruga ZBOG NAS <strong>[ZBOG NAS]<\/strong><br>&#8211; Multimedijsko dru\u0161tvo informati\u010dara <strong>[MUDRI]<\/strong><br>&#8211; Udruga informati\u010dara Net Systems <strong>[Net Systems]<\/strong><br>&#8211; Udruga programera &#8220;S vijugom&#8221; <strong>[Vijuga]<\/strong><br>&#8211; Udruga informati\u010dara &#8220;Trag&#8221; <strong>[Trag]<\/strong><br>&#8211; Dru\u0161tvo u\u010ditelja informatike osnovnih \u0161kola Zagreba <strong>[DUI]<\/strong><br>&#8211; Udruga informati\u010dara &#8220;web.edit&#8221; <strong>[Web.edit]<\/strong><br>&#8211; Udruga informati\u010dara &#8220;PROmat&#8221; <strong>[PROmat]<\/strong><br><mark style=\"background-color:rgba(0, 0, 0, 0)\" class=\"has-inline-color has-cyan-bluish-gray-color\">&#8211; Dru\u0161tvo za poticanje informati\u010dkog stvarala\u0161tva djece i mlade\u017ei [Prestanak \u010dlanstva, aktivnosti preuzela udruga WEB.edit]<br>&#8211; Dru\u0161tvo za inteligentne sustave i robotiku Medvedgrad [Neaktivna od 2013., prestanak \u010dlanstva]<\/mark><\/p>\n\n\n\n<p><strong>O UDRUGAMA \u010cLANICAMA SAVEZA<\/strong><\/p>\n\n\n\n<p>Osnovna zada\u0107a Saveza u svim proteklim godinama, uz provedbu prihva\u0107enih programa, bila je i stvaranje prstena kvalitetnih aktivnih udruga kroz privla\u010denje pojedinaca, koji su kao strukovno i dru\u0161tveno zainteresirane osobe, na zapa\u017een na\u010din ostvarivali rezultate ili provodili programske sadr\u017eaje Saveza unutar svojeg prirodnog podru\u010dja interesa.<\/p>\n\n\n\n<p>Cilj nam je bio stvoriti jasnu i prepoznatljivu ponudu, lepezu raznovrsnih programa, a \u010diju bi provedbu kao sasvim prirodan rezultat procesa postupno preuzimale vrijedne udruge s aktivnim i sposobnim mla\u0111im \u010dlanstvom.<\/p>\n\n\n\n<p>To je i u\u010dinjeno, djelatnost Saveza je profilirana s ukupno desetak novih temeljnih informati\u010dkih udruga vrlo jasnog podru\u010dja djelovanja, a jedna izuzetna udruga (GENESIS) na\u017ealost se bila ugasila.<\/p>\n","protected":false},"excerpt":{"rendered":"<p>Zagreba\u010dki ra\u010dunalni savez [ZRS]:&#8211; Udruga informati\u010dara ABC info [ABC.info]&#8211; Udruga informati\u010dara Bo\u017eo Te\u017eak [Bo\u017eo Te\u017eak]&#8211; Udruga ZBOG NAS [ZBOG NAS]&#8211; Multimedijsko dru\u0161tvo informati\u010dara [MUDRI]&#8211; Udruga informati\u010dara Net Systems [Net Systems]&#8211; Udruga programera &#8220;S vijugom&#8221; [Vijuga]&#8211; Udruga informati\u010dara &#8220;Trag&#8221; [Trag]&#8211; Dru\u0161tvo u\u010ditelja informatike osnovnih \u0161kola Zagreba [DUI]&#8211; Udruga informati\u010dara &#8220;web.edit&#8221; [Web.edit]&#8211; Udruga informati\u010dara &#8220;PROmat&#8221; [PROmat]&#8211; Dru\u0161tvo [&hellip;]<\/p>\n","protected":false},"author":1,"featured_media":0,"parent":0,"menu_order":0,"comment_status":"closed","ping_status":"closed","template":"","meta":{"footnotes":""},"class_list":["post-4689","page","type-page","status-publish","hentry"],"_links":{"self":[{"href":"https:\/\/zrs.hr\/index.php\/wp-json\/wp\/v2\/pages\/4689","targetHints":{"allow":["GET"]}}],"collection":[{"href":"https:\/\/zrs.hr\/index.php\/wp-json\/wp\/v2\/pages"}],"about":[{"href":"https:\/\/zrs.hr\/index.php\/wp-json\/wp\/v2\/types\/page"}],"author":[{"embeddable":true,"href":"https:\/\/zrs.hr\/index.php\/wp-json\/wp\/v2\/users\/1"}],"replies":[{"embeddable":true,"href":"https:\/\/zrs.hr\/index.php\/wp-json\/wp\/v2\/comments?post=4689"}],"version-history":[{"count":1,"href":"https:\/\/zrs.hr\/index.php\/wp-json\/wp\/v2\/pages\/4689\/revisions"}],"predecessor-version":[{"id":4691,"href":"https:\/\/zrs.hr\/index.php\/wp-json\/wp\/v2\/pages\/4689\/revisions\/4691"}],"wp:attachment":[{"href":"https:\/\/zrs.hr\/index.php\/wp-json\/wp\/v2\/media?parent=4689"}],"curies":[{"name":"wp","href":"https:\/\/api.w.org\/{rel}","templated":true}]}}