{"id":4839,"date":"2026-03-26T12:51:17","date_gmt":"2026-03-26T11:51:17","guid":{"rendered":"https:\/\/zrs.hr\/?page_id=4839"},"modified":"2026-03-26T13:07:00","modified_gmt":"2026-03-26T12:07:00","slug":"rasporedi","status":"publish","type":"page","link":"https:\/\/zrs.hr\/index.php\/rasporedi\/","title":{"rendered":"Rasporedi"},"content":{"rendered":"\n<h2 class=\"wp-block-heading\">Cjelogodi\u0161nji raspored radionica<\/h2>\n\n\n\n<p><strong>Lokacija Brozova<\/strong> &#8211; <strong>u\u010dionice:<\/strong> <strong><mark style=\"background-color:rgba(0, 0, 0, 0)\" class=\"has-inline-color has-vivid-cyan-blue-color\">B1<\/mark>, <mark style=\"background-color:rgba(0, 0, 0, 0)\" class=\"has-inline-color has-luminous-vivid-orange-color\">B2<\/mark><\/strong><br><strong>Lokacija Dom Tehnike Jarun &#8211; u\u010dionica: <mark style=\"background-color:rgba(0, 0, 0, 0)\" class=\"has-inline-color has-vivid-green-cyan-color\">DTJ<\/mark><\/strong><br><strong>Lokacija Online:<\/strong>  <strong><mark style=\"background-color:rgba(0, 0, 0, 0)\" class=\"has-inline-color has-vivid-purple-color\">Discord<\/mark><\/strong><\/p>\n\n\n\n<figure class=\"wp-block-table\"><table class=\"has-fixed-layout\"><tbody><tr><td>Termin<\/td><td>Ponedjeljak<\/td><td>Utorak<\/td><td>Srijeda<\/td><td>\u010cetvrtak<\/td><td>Petak<\/td><td>Subota<\/td><\/tr><tr><td>8:30-10-30<\/td><td><\/td><td><strong><mark style=\"background-color:rgba(0, 0, 0, 0)\" class=\"has-inline-color has-vivid-red-color\">V<\/mark><\/strong><\/td><td><\/td><td><strong><mark style=\"background-color:rgba(0, 0, 0, 0)\" class=\"has-inline-color has-vivid-red-color\">V<\/mark><\/strong><\/td><td><\/td><td><strong><mark style=\"background-color:rgba(0, 0, 0, 0)\" class=\"has-inline-color has-vivid-green-cyan-color\">MINI-B: DTJ<\/mark><\/strong><\/td><\/tr><tr><td>9:00-11:00<\/td><td><strong><mark style=\"background-color:rgba(0, 0, 0, 0)\" class=\"has-inline-color has-vivid-red-color\">V<\/mark><\/strong><\/td><td><\/td><td><strong><mark style=\"background-color:rgba(0, 0, 0, 0)\" class=\"has-inline-color has-vivid-red-color\">V<\/mark><\/strong><\/td><td><\/td><td><strong><mark style=\"background-color:rgba(0, 0, 0, 0)\" class=\"has-inline-color has-vivid-red-color\">V<\/mark><\/strong><\/td><td><strong><mark style=\"background-color:rgba(0, 0, 0, 0)\" class=\"has-inline-color has-vivid-cyan-blue-color\">S\u0160-A1: B1<\/mark><\/strong><br><strong><mark style=\"background-color:rgba(0, 0, 0, 0)\" class=\"has-inline-color has-luminous-vivid-orange-color\">S\u0160-A2: B2<\/mark><\/strong><\/td><\/tr><tr><td>10:30-12:30<\/td><td><strong><mark style=\"background-color:rgba(0, 0, 0, 0)\" class=\"has-inline-color has-vivid-red-color\">V<\/mark><\/strong><\/td><td><\/td><td><\/td><td><\/td><td><strong><mark style=\"background-color:rgba(0, 0, 0, 0)\" class=\"has-inline-color has-vivid-red-color\">V<\/mark><\/strong><\/td><td><strong><mark style=\"background-color:rgba(0, 0, 0, 0)\" class=\"has-inline-color has-vivid-green-cyan-color\">5A: DTJ<\/mark><\/strong><\/td><\/tr><tr><td>11:00-13:00<\/td><td><\/td><td><strong><mark style=\"background-color:rgba(0, 0, 0, 0)\" class=\"has-inline-color has-vivid-red-color\">V<\/mark><\/strong><\/td><td><\/td><td><strong><mark style=\"background-color:rgba(0, 0, 0, 0)\" class=\"has-inline-color has-vivid-red-color\">V<\/mark><\/strong><\/td><td><\/td><td><strong><mark style=\"background-color:rgba(0, 0, 0, 0)\" class=\"has-inline-color has-vivid-cyan-blue-color\">S\u0160-B1: B1<\/mark><\/strong><br><strong><mark style=\"background-color:rgba(0, 0, 0, 0)\" class=\"has-inline-color has-luminous-vivid-orange-color\">S\u0160-B2: B2<\/mark><\/strong><\/td><\/tr><tr><td>13:00-15:00<\/td><td><\/td><td><\/td><td><strong><mark style=\"background-color:rgba(0, 0, 0, 0)\" class=\"has-inline-color has-vivid-red-color\">V<\/mark><\/strong><\/td><td><\/td><td><\/td><td><strong><mark style=\"background-color:rgba(0, 0, 0, 0)\" class=\"has-inline-color has-luminous-vivid-orange-color\">7\/8-C: B2<\/mark><\/strong><\/td><\/tr><tr><td>14:00-16:00<\/td><td><\/td><td><\/td><td><\/td><td><\/td><td><\/td><td><strong><mark style=\"background-color:rgba(0, 0, 0, 0)\" class=\"has-inline-color has-vivid-cyan-blue-color\">7\/8-F: B1<\/mark><\/strong><\/td><\/tr><tr><td>16:00-19:00<\/td><td><\/td><td><\/td><td><\/td><td><\/td><td><\/td><td><mark style=\"background-color:rgba(0, 0, 0, 0)\" class=\"has-inline-color has-vivid-cyan-blue-color\"><strong>7\/8-E: B1<\/strong><\/mark><\/td><\/tr><tr><td>17:00-19:00<\/td><td><\/td><td><\/td><td><\/td><td><\/td><td><\/td><td><strong><mark style=\"background-color:rgba(0, 0, 0, 0)\" class=\"has-inline-color has-luminous-vivid-orange-color\">5\/6-C: B2<\/mark><\/strong><\/td><\/tr><tr><td>18:00-19:45<\/td><td><strong><mark style=\"background-color:rgba(0, 0, 0, 0)\" class=\"has-inline-color has-vivid-green-cyan-color\">MINI-A: DTJ<\/mark><\/strong><\/td><td><\/td><td><\/td><td><\/td><td><\/td><td><\/td><\/tr><tr><td>19:30-21:30<\/td><td><\/td><td><strong><mark style=\"background-color:rgba(0, 0, 0, 0)\" class=\"has-inline-color has-vivid-green-cyan-color\">5-A: DTJ<\/mark><\/strong><\/td><td><\/td><td><\/td><td><\/td><td><\/td><\/tr><tr><td>19:45-21:45<\/td><td><strong><mark style=\"background-color:rgba(0, 0, 0, 0)\" class=\"has-inline-color has-vivid-cyan-blue-color\">8-A1: B1<\/mark><\/strong><br><mark style=\"background-color:rgba(0, 0, 0, 0)\" class=\"has-inline-color has-luminous-vivid-orange-color\"><strong>8-A2: B2<\/strong><\/mark><\/td><td><mark style=\"background-color:rgba(0, 0, 0, 0)\" class=\"has-inline-color has-vivid-cyan-blue-color\"><strong>7-A: B1<\/strong><\/mark><br><strong><mark style=\"background-color:rgba(0, 0, 0, 0)\" class=\"has-inline-color has-luminous-vivid-orange-color\">6-A1: B2<\/mark><\/strong><br><strong><mark style=\"background-color:rgba(0, 0, 0, 0)\" class=\"has-inline-color has-vivid-purple-color\">\u017dIC-B: DIS<\/mark><\/strong><\/td><td><mark style=\"background-color:rgba(0, 0, 0, 0)\" class=\"has-inline-color has-vivid-cyan-blue-color\"><strong>8-B: B1<\/strong><\/mark><br><strong><mark style=\"background-color:rgba(0, 0, 0, 0)\" class=\"has-inline-color has-luminous-vivid-orange-color\">7-B: B2<\/mark><\/strong><\/td><td><strong><mark style=\"background-color:rgba(0, 0, 0, 0)\" class=\"has-inline-color has-vivid-cyan-blue-color\">6-A2: B1<\/mark><\/strong><br><\/td><td><strong><mark style=\"background-color:rgba(0, 0, 0, 0)\" class=\"has-inline-color has-vivid-cyan-blue-color\">7\/8-D: B1<\/mark><\/strong><br><\/td><td><\/td><\/tr><tr><td>20:00-22:00<\/td><td><strong><mark style=\"background-color:rgba(0, 0, 0, 0)\" class=\"has-inline-color has-vivid-purple-color\">\u017dIC-A: DIS<\/mark><\/strong><\/td><td><\/td><td><\/td><td><\/td><td><\/td><td><\/td><\/tr><\/tbody><\/table><\/figure>\n\n\n\n<h2 class=\"wp-block-heading\">Okvirni cjelogodi\u0161nji raspored natjecanja i ogleda<\/h2>\n\n\n\n<figure class=\"wp-block-table\"><table class=\"has-fixed-layout\"><tbody><tr><td><\/td><td><strong>SIJ<\/strong><\/td><td><strong>VELJ<\/strong><\/td><td><strong>O\u017dU<\/strong><\/td><td><strong>TRA<\/strong><\/td><td><strong>SVI<\/strong><\/td><td><strong>LIP<\/strong><\/td><td><strong>SRP<\/strong><\/td><td><strong>KOL<\/strong><\/td><td><strong>RUJ<\/strong><\/td><td><strong>LIS<\/strong><\/td><td><strong>STU<\/strong><\/td><td><strong>PRO<\/strong><\/td><\/tr><tr><td><strong><mark style=\"background-color:rgba(0, 0, 0, 0)\" class=\"has-inline-color has-vivid-cyan-blue-color\">AVV<\/mark><\/strong><\/td><td>2<\/td><td>3<\/td><td>4<\/td><td><\/td><td><\/td><td><\/td><td><\/td><td><\/td><td><\/td><td><\/td><td><\/td><td>1<\/td><\/tr><tr><td><strong><mark style=\"background-color:rgba(0, 0, 0, 0)\" class=\"has-inline-color has-vivid-green-cyan-color\">MV<\/mark><\/strong><\/td><td>3<\/td><td>4<\/td><td>5<\/td><td><\/td><td><\/td><td><\/td><td><\/td><td><\/td><td><\/td><td><\/td><td>1<\/td><td>2<\/td><\/tr><tr><td><strong><mark style=\"background-color:rgba(0, 0, 0, 0)\" class=\"has-inline-color has-vivid-purple-color\">MS<\/mark><\/strong><\/td><td><\/td><td><\/td><td>2<\/td><td><\/td><td>3<\/td><td><\/td><td><\/td><td><\/td><td><\/td><td><\/td><td>1<\/td><td><\/td><\/tr><tr><td><strong><mark style=\"background-color:rgba(0, 0, 0, 0)\" class=\"has-inline-color has-vivid-cyan-blue-color\">ZL<\/mark><\/strong><\/td><td>1\/2<\/td><td>3<\/td><td><\/td><td><\/td><td><\/td><td><\/td><td><\/td><td><\/td><td><\/td><td><\/td><td><\/td><td><\/td><\/tr><tr><td><strong><mark style=\"background-color:rgba(0, 0, 0, 0)\" class=\"has-inline-color has-vivid-green-cyan-color\">EM<\/mark><\/strong><\/td><td><\/td><td><\/td><td><\/td><td><\/td><td><\/td><td><\/td><td><\/td><td><\/td><td><\/td><td><\/td><td><\/td><td>1<\/td><\/tr><tr><td><strong><mark style=\"background-color:rgba(0, 0, 0, 0)\" class=\"has-inline-color has-vivid-cyan-blue-color\">C*<\/mark><\/strong><\/td><td><\/td><td><\/td><td><\/td><td><\/td><td><\/td><td><\/td><td>1\/2\/3<\/td><td><\/td><td><\/td><td><\/td><td><\/td><td><\/td><\/tr><tr><td><strong><mark style=\"background-color:rgba(0, 0, 0, 0)\" class=\"has-inline-color has-vivid-red-color\">LJL<\/mark><\/strong><\/td><td><\/td><td><\/td><td><\/td><td><\/td><td><\/td><td>1<\/td><td>2<\/td><td>3<\/td><td><\/td><td><\/td><td><\/td><td><\/td><\/tr><\/tbody><\/table><\/figure>\n\n\n\n<p><mark style=\"background-color:rgba(0, 0, 0, 0)\" class=\"has-inline-color has-vivid-green-cyan-color\"><strong>Mini Vijuga:<\/strong> MV &#8211; Logo &#8211; Mini\u0107i<br><strong>Empeo:<\/strong> EM &#8211; Logo &#8211; Mini\u0107i<\/mark><br><mark style=\"background-color:rgba(0, 0, 0, 0)\" class=\"has-inline-color has-vivid-cyan-blue-color\"><strong>Avvenire:<\/strong> AVV &#8211; C++, Logo &#8211; O\u0160 (5-8)<br><strong>Zimska Liga:<\/strong> ZL &#8211; C++, Logo &#8211; O\u0160<mark style=\"background-color:rgba(0, 0, 0, 0)\" class=\"has-inline-color has-vivid-cyan-blue-color\"> (5-8)<\/mark><br><strong>C-special:<\/strong> C* &#8211; C++ &#8211; O\u0160<mark style=\"background-color:rgba(0, 0, 0, 0)\" class=\"has-inline-color has-vivid-cyan-blue-color\"> (5-8)<\/mark><\/mark><br><mark style=\"background-color:rgba(0, 0, 0, 0)\" class=\"has-inline-color has-vivid-purple-color\"><strong>Masters:<\/strong> MS &#8211; C++ &#8211; S\u0160<\/mark><br><mark style=\"background-color:rgba(0, 0, 0, 0)\" class=\"has-inline-color has-vivid-red-color\"><strong>Ljetna Liga:<\/strong> LJL &#8211; C++, Logo &#8211; Svi<\/mark><\/p>\n\n\n\n<h2 class=\"wp-block-heading\">Kampovi<\/h2>\n\n\n\n<p>ZRS okvirno organizira 3 kampa tijekom godine. <br><strong>Velja\u010da:<\/strong> 2 dana, zimski kamp\/pripreme za \u017eupanijsko natjecanje iz informatike, obi\u010dno Planinarski dom Crvenog Kri\u017ea, Sljeme<br><strong>Travanj:<\/strong> 2 dana, proljetni kamp\/pripreme za dr\u017eavno natjecanje iz informatike, lokacija varijabilna<br><strong>Kolovoz:<\/strong> 2-3 termina x 7 dana, ljetni kampovi, obi\u010dno \u0160tinjan (Pula)<br><br>Za 2026:<br><strong>Zimski kamp:<\/strong> 31.1.-1.2., CKZG<br><strong>Proljetni kamp:<\/strong> 7.4.-8.4., Stara \u0160kola Mirkovec<br><strong>Ljetni kamp:<\/strong> 18.8.-25.8., 25.8.-1.9., \u0160tinjan<\/p>\n","protected":false},"excerpt":{"rendered":"<p>Cjelogodi\u0161nji raspored radionica Lokacija Brozova &#8211; u\u010dionice: B1, B2Lokacija Dom Tehnike Jarun &#8211; u\u010dionica: DTJLokacija Online: Discord Termin Ponedjeljak Utorak Srijeda \u010cetvrtak Petak Subota 8:30-10-30 V V MINI-B: DTJ 9:00-11:00 V V V S\u0160-A1: B1S\u0160-A2: B2 10:30-12:30 V V 5A: DTJ 11:00-13:00 V V S\u0160-B1: B1S\u0160-B2: B2 13:00-15:00 V 7\/8-C: B2 14:00-16:00 7\/8-F: B1 16:00-19:00 [&hellip;]<\/p>\n","protected":false},"author":1,"featured_media":0,"parent":0,"menu_order":0,"comment_status":"closed","ping_status":"closed","template":"","meta":{"footnotes":""},"class_list":["post-4839","page","type-page","status-publish","hentry"],"_links":{"self":[{"href":"https:\/\/zrs.hr\/index.php\/wp-json\/wp\/v2\/pages\/4839","targetHints":{"allow":["GET"]}}],"collection":[{"href":"https:\/\/zrs.hr\/index.php\/wp-json\/wp\/v2\/pages"}],"about":[{"href":"https:\/\/zrs.hr\/index.php\/wp-json\/wp\/v2\/types\/page"}],"author":[{"embeddable":true,"href":"https:\/\/zrs.hr\/index.php\/wp-json\/wp\/v2\/users\/1"}],"replies":[{"embeddable":true,"href":"https:\/\/zrs.hr\/index.php\/wp-json\/wp\/v2\/comments?post=4839"}],"version-history":[{"count":11,"href":"https:\/\/zrs.hr\/index.php\/wp-json\/wp\/v2\/pages\/4839\/revisions"}],"predecessor-version":[{"id":4853,"href":"https:\/\/zrs.hr\/index.php\/wp-json\/wp\/v2\/pages\/4839\/revisions\/4853"}],"wp:attachment":[{"href":"https:\/\/zrs.hr\/index.php\/wp-json\/wp\/v2\/media?parent=4839"}],"curies":[{"name":"wp","href":"https:\/\/api.w.org\/{rel}","templated":true}]}}